{"id":1667,"date":"2021-04-09T12:31:38","date_gmt":"2021-04-09T12:31:38","guid":{"rendered":"http:\/\/bp-soroca.md\/?page_id=1667"},"modified":"2022-09-23T07:27:53","modified_gmt":"2022-09-23T07:27:53","slug":"intreaba-bibliotecarul","status":"publish","type":"page","link":"https:\/\/wpt.bp-soroca.md\/index.php\/intreaba-bibliotecarul\/","title":{"rendered":"\u00centreab\u0103 bibliotecarul"},"content":{"rendered":"\n<p class=\"has-text-align-center\">Biblioteca Municipal\u0103 \u201eMihail Sadoveanu\u201d pune la dispozi\u021bia dumneavoastr\u0103 serviciul&nbsp;<strong>\u201e\u00centreab\u0103 bibliotecarul\u201d&nbsp;<\/strong>de asisten\u021b\u0103 informa\u021bional\u0103 la distan\u021b\u0103, gratuit, care ofer\u0103 r\u0103spunsuri la \u00eentreb\u0103rile dumneavoastr\u0103, indic\u00e2ndu-v\u0103\/direc\u021bion\u00e2ndu-v\u0103 c\u0103tre resursele informa\u021bionale din colec\u021bia bibliotecii \u015fi internet.<\/p>\n\n\n<div class=\"wpforms-container wpforms-container-full wpforms-block\" id=\"wpforms-2352\"><form id=\"wpforms-form-2352\" class=\"wpforms-validate wpforms-form wpforms-ajax-form\" data-formid=\"2352\" method=\"post\" enctype=\"multipart\/form-data\" action=\"\/index.php\/wp-json\/wp\/v2\/pages\/1667\" data-token=\"e46c699cce5efde08d97a50f2de978d9\" data-token-time=\"1776249750\"><div class=\"wpforms-head-container\"><div class=\"wpforms-title\">\u00centreab\u0103 bibliotecarul<\/div><\/div><noscript class=\"wpforms-error-noscript\">Please enable JavaScript in your browser to complete this form.<\/noscript><div class=\"wpforms-field-container\"><div id=\"wpforms-2352-field_4-container\" class=\"wpforms-field wpforms-field-name\" data-field-id=\"4\"><label class=\"wpforms-field-label\">Name <span class=\"wpforms-required-label\">*<\/span><\/label><div class=\"wpforms-field-row wpforms-field-medium\"><div class=\"wpforms-field-row-block wpforms-first wpforms-one-half\"><input type=\"text\" id=\"wpforms-2352-field_4\" class=\"wpforms-field-name-first wpforms-field-required\" name=\"wpforms[fields][4][first]\" required><label for=\"wpforms-2352-field_4\" class=\"wpforms-field-sublabel after\">First<\/label><\/div><div class=\"wpforms-field-row-block wpforms-one-half\"><input type=\"text\" id=\"wpforms-2352-field_4-last\" class=\"wpforms-field-name-last wpforms-field-required\" name=\"wpforms[fields][4][last]\" required><label for=\"wpforms-2352-field_4-last\" class=\"wpforms-field-sublabel after\">Last<\/label><\/div><\/div><\/div><div id=\"wpforms-2352-field_5-container\" class=\"wpforms-field wpforms-field-email\" data-field-id=\"5\"><label class=\"wpforms-field-label\" for=\"wpforms-2352-field_5\">Email <span class=\"wpforms-required-label\">*<\/span><\/label><input type=\"email\" id=\"wpforms-2352-field_5\" class=\"wpforms-field-medium wpforms-field-required\" name=\"wpforms[fields][5]\" spellcheck=\"false\" required><\/div><div id=\"wpforms-2352-field_7-container\" class=\"wpforms-field wpforms-field-text\" data-field-id=\"7\"><label class=\"wpforms-field-label\" for=\"wpforms-2352-field_7\">Single Line Text<\/label><input type=\"text\" id=\"wpforms-2352-field_7\" class=\"wpforms-field-medium\" name=\"wpforms[fields][7]\" ><\/div><div id=\"wpforms-2352-field_8-container\" class=\"wpforms-field wpforms-field-textarea\" data-field-id=\"8\"><label class=\"wpforms-field-label\" for=\"wpforms-2352-field_8\">Paragraph Text<\/label><textarea id=\"wpforms-2352-field_8\" class=\"wpforms-field-medium\" name=\"wpforms[fields][8]\" ><\/textarea><\/div><\/div><!-- .wpforms-field-container --><div class=\"wpforms-submit-container\" ><input type=\"hidden\" name=\"wpforms[id]\" value=\"2352\"><input type=\"hidden\" name=\"page_title\" value=\"\"><input type=\"hidden\" name=\"page_url\" value=\"https:\/\/wpt.bp-soroca.md\/index.php\/wp-json\/wp\/v2\/pages\/1667\"><input type=\"hidden\" name=\"url_referer\" value=\"\"><button type=\"submit\" name=\"wpforms[submit]\" id=\"wpforms-submit-2352\" class=\"wpforms-submit\" data-alt-text=\"Sending...\" data-submit-text=\"Submit\" aria-live=\"assertive\" value=\"wpforms-submit\">Submit<\/button><img decoding=\"async\" loading=\"lazy\" src=\"https:\/\/wpt.bp-soroca.md\/wp-content\/plugins\/wpforms-lite\/assets\/images\/submit-spin.svg\" class=\"wpforms-submit-spinner\" style=\"display: none;\" width=\"26\" height=\"26\" alt=\"Loading\"><\/div><\/form><\/div>  <!-- .wpforms-container -->\n\n\n<p><\/p>\n","protected":false},"excerpt":{"rendered":"<p>Biblioteca Municipal\u0103 \u201eMihail Sadoveanu\u201d pune la dispozi\u021bia dumneavoastr\u0103 serviciul&nbsp;\u201e\u00centreab\u0103 bibliotecarul\u201d&nbsp;de asisten\u021b\u0103 informa\u021bional\u0103 la distan\u021b\u0103, gratuit, care ofer\u0103 r\u0103spunsuri la \u00eentreb\u0103rile dumneavoastr\u0103, indic\u00e2ndu-v\u0103\/direc\u021bion\u00e2ndu-v\u0103 c\u0103tre resursele informa\u021bionale din colec\u021bia bibliotecii \u015fi internet.<\/p>\n","protected":false},"author":1,"featured_media":0,"parent":0,"menu_order":0,"comment_status":"open","ping_status":"closed","template":"","meta":[],"_links":{"self":[{"href":"https:\/\/wpt.bp-soroca.md\/index.php\/wp-json\/wp\/v2\/pages\/1667"}],"collection":[{"href":"https:\/\/wpt.bp-soroca.md\/index.php\/wp-json\/wp\/v2\/pages"}],"about":[{"href":"https:\/\/wpt.bp-soroca.md\/index.php\/wp-json\/wp\/v2\/types\/page"}],"author":[{"embeddable":true,"href":"https:\/\/wpt.bp-soroca.md\/index.php\/wp-json\/wp\/v2\/users\/1"}],"replies":[{"embeddable":true,"href":"https:\/\/wpt.bp-soroca.md\/index.php\/wp-json\/wp\/v2\/comments?post=1667"}],"version-history":[{"count":6,"href":"https:\/\/wpt.bp-soroca.md\/index.php\/wp-json\/wp\/v2\/pages\/1667\/revisions"}],"predecessor-version":[{"id":2704,"href":"https:\/\/wpt.bp-soroca.md\/index.php\/wp-json\/wp\/v2\/pages\/1667\/revisions\/2704"}],"wp:attachment":[{"href":"https:\/\/wpt.bp-soroca.md\/index.php\/wp-json\/wp\/v2\/media?parent=1667"}],"curies":[{"name":"wp","href":"https:\/\/api.w.org\/{rel}","templated":true}]}}