{"id":2629,"date":"2022-09-13T04:29:11","date_gmt":"2022-09-13T04:29:11","guid":{"rendered":"https:\/\/bp-soroca.md\/?page_id=2629"},"modified":"2022-09-23T07:34:25","modified_gmt":"2022-09-23T07:34:25","slug":"nicolae-bulat","status":"publish","type":"page","link":"https:\/\/wpt.bp-soroca.md\/index.php\/nicolae-bulat\/","title":{"rendered":"Nicolae Bulat &#8211; memoriam"},"content":{"rendered":"\n<div class=\"wp-block-image\"><figure class=\"alignleft size-full\"><img decoding=\"async\" loading=\"lazy\" width=\"113\" height=\"167\" src=\"https:\/\/wpt.bp-soroca.md\/wp-content\/uploads\/2022\/09\/image.png\" alt=\"\" class=\"wp-image-2634\"\/><\/figure><\/div>\n\n\n<p class=\"has-text-align-justify\" style=\"text-align: center;\">Pagina aceasta este dedicat\u0103 istoricului moldovean, director al Muzeul de Istorie \u0219i Etnografie din Soroca, prietenul Bibliotecii Municipale \u201eMihail Sadoveanu\u201d. Aici vor fi plasate materiale video, text etc. legate de via\u021ba \u0219i activitatea regretatului Str\u0103jer al Cet\u0103\u021bii Soroca.<\/p>\n<p class=\"has-text-align-justify\" style=\"text-align: center;\">N\u0103scut la 10 februarie 1952, \u00een satul Cure\u0219ni\u021ba raionul Soroca (decedat 09.09.22). A absolvit \u015fcoala medie nr. 1 din Soroca (1969), dup\u0103 care \u015fi-a continuat studiile la Universitatea de Stat din Moldova, Facultatea de Limbi Moderne, Sec\u0163ia limba \u015fi literatura englez\u0103 (1969-1974).. Potrivit \u201dCalendarului Na\u021bional\u201d, dup\u0103 absolvire, \u015fi-a \u00eenceput activitatea profesional\u0103 \u00een calitate de profesor de englez\u0103 la \u0219coala medie din T\u0103t\u0103re\u0219ti, Cahul. Ulterior, \u00een 1980, a revenit \u00een nordul Moldovei, unde s-a angajat la Muzeul de Istorie \u015fi Etnografie din Soroca, \u00een calitate de muzeograf (1980-1984, 1992-1996, 1996-1999). \u00centre anii 1984-1992 a activat \u00een calitate de ghid al Agen\u021biei de Turism din Soroca, ulterior a fost specialist principal al Patrimoniului istorico-cultural Soroca (1999-2000), \u015fef serviciu la Sec\u0163ia jude\u0163ean\u0103 Muzee, din Soroca (2002-2003). \u00cen 1996 este numit director al Muzeului din Cetatea Soroca, unde a activat p\u00e2n\u0103 la sf\u00e2r\u0219itul vie\u021bii \u015fi concomitent a exercitat func\u021bia de ghid.<\/p>\n\n\n<p class=\"has-text-align-center\">Cu anii a devenit unul dintre cei mai mari cunosc\u0103tori ai istoriei \u021binutului Soroca, dar \u0219i un promotor al limbii rom\u00e2ne \u015fi al idealurilor na\u021bionale rom\u00e2ne\u0219ti. A fost unul dintre cei mai buni ghizi din Moldova, supranumit \u201egardianul\u201d Cet\u0103\u021bii Soroca. Are contribu\u021bii deosebite \u00een dezvoltarea \u015fi sistematizarea colec\u021biilor muzeale, \u00een organizarea expozi\u021biilor permanente ale muzeului. A participat activ la activit\u0103\u021bi culturale \u015fi \u015ftiin\u0163ifice, la diverse programe educa\u0163ionale \u015fi de cercetare, finan\u0163ate de Departamentul de Stat al SUA. Cu implicarea \u015fi contribu\u0163ia sa, Muzeul de Istorie \u015fi Etnografie, \u00eempreun\u0103 cu Consiliul raional, a c\u00e2\u015ftigat un proiect de restaurare a monumentului medieval \u201eCetatea Soroca\u201d (2012).<\/p>\n\n\n\n<p class=\"has-text-align-center\">Este autorul mai multor publica\u021bii, printre care: monografia \u201eJude\u021bul Soroca. File de istorie\u201d (2000), bro\u0219ura de promovare a turismului rural \u201ePe-un picior de plai, pe o gur\u0103 de rai\u201d, \u201eDescoper\u0103. Exploreaz\u0103. Studiaz\u0103\u201d (2003), volumul de povestiri \u201eJup\u00e2ni\u021ba cea frumoas\u0103\u201d (2011), \u201eCetatea Soroca \u2013 istorie, memorie \u0219i tradi\u021bii seculare\u201d (2015), \u201e\u00cen c\u0103utarea unui mare erou, Generalul Stan Poeta\u0219\u201d (2020) \u0219.a. Numele s\u0103u se reg\u0103se\u0219te \u00een lista a \u201e1000 de mari intelectuali\u201d din Europa, elaborat\u0103 de Centrul Interna\u021bional de Biografii \u201eCambridge\u201d (2003), iar \u00een 2004 Centrul American de Biografii l-a inclus \u00een volumul \u201eContemporary. Who is who\u201d (Contemporanii. Cine sunt ei).<\/p>\n\n\n\n<p class=\"has-text-align-center\">Pentru meritele sale deosebite \u015fi activitatea prodigioas\u0103 a fost \u00eenalt apreciat cu titluri onorifice \u015fi distinc\u0163ii de stat, printre care: <\/p>\n\n\n\n<ul><li>ordinul \u201eGloria Muncii\u201d (2013), <\/li><li>Ordinul \u201eSteaua Rom\u00e2niei\u201d \u00een grad de Ofi\u0163er (2000), <\/li><li>medalia de aur la Salonul de Carte \u201eEUROINVENT-2020\u201d de la Ia\u015fi (iunie 2020) pentru cartea \u201e\u00cen c\u0103utarea unui mare erou, Generalul Stan Poeta\u0219\u201d;<\/li><li> laureat al Premiului pentru promovarea istoriei neamului, <\/li><li>Gala TVR MOLDOVA (2020). <\/li><li>Decorat de pre\u0219edintele Rom\u00e2niei cu medalia aniversar\u0103 \u201eCentenarul Marii Uniri\u201d (2021), <\/li><li>cavaler al \u201eOrdinului Republicii\u201d (2021),<\/li><li>Cet\u0103\u021beanul de Onoare al raionului Soroca, <\/li><li>Pentru toate eforturile sale de a promova, ca mare istoric \u0219i scriitor, spiritul rom\u00e2nesc de pe ambele maluri ale Prutului, \u00een 2019 i s-a conferit titlul de Cet\u0103\u021bean de onoare al jude\u021bului Buz\u0103u, Rom\u00e2nia.<\/li><\/ul>\n\n\n\n<p>Surs\u0103: <\/p>\n\n\n\n<p>https:\/\/presedinte.md\/rom\/discursuri\/necrolog-nicolae-bulat-10-februarie-1952-9-septembrie-2022 ; <\/p>\n","protected":false},"excerpt":{"rendered":"<p>Pagina aceasta este dedicat\u0103 istoricului moldovean, director al Muzeul de Istorie \u0219i Etnografie din Soroca, prietenul Bibliotecii Municipale \u201eMihail Sadoveanu\u201d. Aici vor fi plasate materiale video, text etc. legate de via\u021ba \u0219i activitatea regretatului Str\u0103jer al Cet\u0103\u021bii Soroca. N\u0103scut la 10 februarie 1952, \u00een satul Cure\u0219ni\u021ba raionul Soroca (decedat 09.09.22). A absolvit \u015fcoala medie nr. &hellip; <a href=\"https:\/\/wpt.bp-soroca.md\/index.php\/nicolae-bulat\/\" class=\"more-link\">Continu\u0103 lectura<span class=\"screen-reader-text\"> \u201eNicolae Bulat &#8211; memoriam\u201d<\/span><\/a><\/p>\n","protected":false},"author":1,"featured_media":0,"parent":0,"menu_order":0,"comment_status":"closed","ping_status":"closed","template":"","meta":[],"_links":{"self":[{"href":"https:\/\/wpt.bp-soroca.md\/index.php\/wp-json\/wp\/v2\/pages\/2629"}],"collection":[{"href":"https:\/\/wpt.bp-soroca.md\/index.php\/wp-json\/wp\/v2\/pages"}],"about":[{"href":"https:\/\/wpt.bp-soroca.md\/index.php\/wp-json\/wp\/v2\/types\/page"}],"author":[{"embeddable":true,"href":"https:\/\/wpt.bp-soroca.md\/index.php\/wp-json\/wp\/v2\/users\/1"}],"replies":[{"embeddable":true,"href":"https:\/\/wpt.bp-soroca.md\/index.php\/wp-json\/wp\/v2\/comments?post=2629"}],"version-history":[{"count":13,"href":"https:\/\/wpt.bp-soroca.md\/index.php\/wp-json\/wp\/v2\/pages\/2629\/revisions"}],"predecessor-version":[{"id":2705,"href":"https:\/\/wpt.bp-soroca.md\/index.php\/wp-json\/wp\/v2\/pages\/2629\/revisions\/2705"}],"wp:attachment":[{"href":"https:\/\/wpt.bp-soroca.md\/index.php\/wp-json\/wp\/v2\/media?parent=2629"}],"curies":[{"name":"wp","href":"https:\/\/api.w.org\/{rel}","templated":true}]}}